{"id":3,"date":"2023-05-11T12:24:31","date_gmt":"2023-05-11T10:24:31","guid":{"rendered":"http:\/\/nayansongs.com\/?page_id=3"},"modified":"2023-11-27T18:41:57","modified_gmt":"2023-11-27T17:41:57","slug":"mentions-legales","status":"publish","type":"page","link":"https:\/\/nayansongs.com\/index.php\/chanteuse-bresilienne-apporte-sa-musique-en-france-joie-le-temps-dun-morceau\/mentions-legales\/","title":{"rendered":"Mentions l\u00e9gales"},"content":{"rendered":"\n<style type=\"text\/css\" data-created_by=\"avia_inline_auto\" id=\"style-css-av-lp9r9drn-3f878bc13eee1ac1ae26087ca438f95c\">\n#top .av_textblock_section.av-lp9r9drn-3f878bc13eee1ac1ae26087ca438f95c .avia_textblock{\ncolor:#000000;\n}\n<\/style>\n<section  class='av_textblock_section av-lp9r9drn-3f878bc13eee1ac1ae26087ca438f95c '   itemscope=\"itemscope\" itemtype=\"https:\/\/schema.org\/CreativeWork\" ><div class='avia_textblock av_inherit_color'  itemprop=\"text\" ><h1 style=\"text-align: center;\">MENTIONS LEGALES :<\/h1>\n<p style=\"text-align: justify;\">Conform\u00e9ment aux dispositions des articles 6-III et 19 de la Loi n\u00b0 2004-575 du 21 juin 2004 pour la Confiance dans l&rsquo;\u00e9conomie num\u00e9rique, dite L.C.E.N., nous portons \u00e0 la connaissance des utilisateurs et visiteurs du site : <a href=\"http:\/\/WWW.nayansongs.com\" target=\"_blank\" rel=\"noopener\">www.nayansongs.com<\/a> les informations suivantes :<\/p>\n<h3 style=\"text-align: justify;\"><strong>1.<\/strong>PUBLICATION DU SITE<\/h3>\n<p style=\"text-align: justify;\">Statut du propri\u00e9taire : <strong>particulier<\/strong><br \/>\nLe Propri\u00e9taire est : <strong>Ingrid Batista Pereira<\/strong><\/p>\n<p style=\"text-align: justify;\"><strong>18 place de l&rsquo;\u00e9glise <\/strong><\/p>\n<p style=\"text-align: justify;\"><strong>35630 Vignoc<\/strong><\/p>\n<p>Mail: <a href=\"mailto:musicanayan@gmail.com\"><span class=\"qu\" tabindex=\"-1\" role=\"gridcell\" translate=\"no\"><span class=\"go\">musicanayan@gmail.com<\/span><\/span><\/a><\/p>\n<h3>2.CONCEPTION \/ R\u00c9ALISATION DU SITE<\/h3>\n<p style=\"text-align: justify;\">Le Cr\u00e9ateur du site est : <strong>Advania Morais<\/strong><\/p>\n<p style=\"text-align: justify;\">74 rue Dinan<\/p>\n<p>35000 Rennes<\/p>\n<p>Site internet : <a href=\"https:\/\/advaniamorais.fr\/\">https:\/\/advaniamorais.fr\/<\/a><\/p>\n<p style=\"text-align: justify;\">Le Responsable de la\u00a0 publication est : <strong>Ingrid Batista Pereira<\/strong><br \/>\nContacter le responsable de la publication : <a href=\"mailto:musicanayan@gmail.com\"><span class=\"qu\" tabindex=\"-1\" role=\"gridcell\" translate=\"no\"><span class=\"go\">musicanayan@gmail.com<\/span><\/span><\/a><br \/>\nLe responsable de la publication est une<strong>\u00a0personne physique<\/strong><\/p>\n<p>Cr\u00e9dits:<\/p>\n<p>Chef de projet : <strong>Advania MORAIS<\/strong><br \/>\nR\u00e9dacteur : <strong>Ingrid Batista Pereira<\/strong><br \/>\nD\u00e9veloppeur : <strong>Advania MORAIS<\/strong><\/p>\n<p>Logo : Sarahkay :<a href=\"https:\/\/www.sarahkay.fr\/\"> https:\/\/www.sarahkay.fr\/<\/a><\/p>\n<p><strong>Images<\/strong><\/p>\n<p>Fran\u00e7ois Collet : <a href=\"https:\/\/www.francoiscollet.fr\/\">https:\/\/www.francoiscollet.fr\/<\/a><\/p>\n<p>Nicolas Leiva : <a href=\"https:\/\/www.nicolasleivafotografia.com\/loja\">https:\/\/www.nicolasleivafotografia.com\/loja<\/a><\/p>\n<p>Joa\u0303o Macul : \u00a0\u00a0<a href=\"https:\/\/www.behance.net\/joomacul\">https:\/\/www.behance.net\/joomacul<\/a><\/p>\n<h3>3.H\u00c9BERGEMENT DU SITE<\/h3>\n<p>OVH<br \/>\nSAS au capital de 10 069 020 \u20ac<br \/>\nRCS Lille M\u00e9tropole 424 761 419 00045<br \/>\nCode APE 2620Z<br \/>\nN\u00b0 TVA : FR 22 424 761 419<br \/>\nSi\u00e8ge social : 2 rue Kellermann &#8211; 59100 Roubaix &#8211; France<\/p>\n<h3 style=\"text-align: justify;\"><strong>4. Pr\u00e9sentation et principe :<\/strong><\/h3>\n<p style=\"text-align: justify;\">Est d\u00e9sign\u00e9 ci-apr\u00e8s : <strong>Utilisateur<\/strong>, tout internaute se connectant et utilisant le site susnomm\u00e9 : <a href=\"http:\/\/WWW.nayansongs.com\" target=\"_blank\" rel=\"noopener\">www.nayansongs.com<\/a>.<br \/>\nLe site <a href=\"mailto:musicanayan@gmail.com\">www.nayansongs.com<\/a> regroupe un ensemble de services, dans l&rsquo;\u00e9tat,\u00a0 mis \u00e0 la disposition des utilisateurs. Il est ici pr\u00e9cis\u00e9 que ces derniers doivent rester courtois et faire preuve de bonne foi tant envers les autres utilisateurs qu&rsquo;envers le webmaster du site WWW.nayansongs.com. Le site<strong> <a href=\"mailto:musicanayan@gmail.com\">www.nayansongs.com<\/a><\/strong> est mis \u00e0 jour r\u00e9guli\u00e8rement par <a href=\"https:\/\/advaniamorais.fr\/\">Advania Morais.<\/a><br \/>\nIngrid Batista Pereira s\u2019efforce de fournir sur le site <strong><a href=\"mailto:musicanayan@gmail.com\">www.nayansongs.com<\/a><\/strong> des informations les plus pr\u00e9cises possibles (sous r\u00e9serve de modifications apport\u00e9es depuis leur mise en ligne), mais ne saurait garantir l&rsquo;exactitude, la compl\u00e9tude et l&rsquo;actualit\u00e9 des informations diffus\u00e9es sur son site, qu\u2019elles soient de son fait ou du fait des tiers partenaires qui lui fournissent ces informations. En cons\u00e9quence, l&rsquo;utilisateur reconna\u00eet utiliser ces informations donn\u00e9es (\u00e0 titre indicatif, non exhaustives et susceptibles d&rsquo;\u00e9voluer) sous sa responsabilit\u00e9 exclusive.<\/p>\n<p style=\"text-align: justify;\"><strong>3. Accessibilit\u00e9 :<\/strong><\/p>\n<p>Le site <strong><a href=\"mailto:musicanayan@gmail.com\">www.nayansongs.com<\/a><\/strong> est par principe accessible aux utilisateurs 24\/24h, 7\/7j, sauf interruption, programm\u00e9e ou non, pour les besoins de sa maintenance ou en cas de force majeure. En cas d\u2019impossibilit\u00e9 d\u2019acc\u00e8s au service, <strong><a href=\"mailto:musicanayan@gmail.com\">www.nayansongs.com<\/a><\/strong> s\u2019engage \u00e0 faire son maximum afin de r\u00e9tablir l\u2019acc\u00e8s au service et s\u2019efforcera alors de communiquer pr\u00e9alablement aux utilisateurs les dates et heures de l\u2019intervention.\u00a0 N\u2019\u00e9tant soumis qu\u2019\u00e0 une obligation de moyen, <strong><a href=\"mailto:musicanayan@gmail.com\">www.nayansongs.com<\/a><\/strong> ne saurait \u00eatre tenu pour responsable de tout dommage, quelle qu\u2019en soit la nature, r\u00e9sultant d\u2019une indisponibilit\u00e9 du service.<\/p>\n<p style=\"text-align: justify;\"><strong>4. Propri\u00e9t\u00e9 intellectuelle :<\/strong><\/p>\n<p style=\"text-align: justify;\">Ingrid Batista Pereira est propri\u00e9taire exclusif de tous les droits de propri\u00e9t\u00e9 intellectuelle ou d\u00e9tient les droits d\u2019usage sur tous les \u00e9l\u00e9ments accessibles sur le site, tant sur la structure que sur les textes, images, graphismes, logo, ic\u00f4nes, sons, logiciels\u2026<br \/>\nToute reproduction totale ou partielle du site <strong><a href=\"mailto:musicanayan@gmail.com\">www.nayansongs.com<\/a><\/strong>, repr\u00e9sentation, modification, publication, adaptation totale ou partielle de l&rsquo;un quelconque de ces \u00e9l\u00e9ments, quel que soit le moyen ou le proc\u00e9d\u00e9 utilis\u00e9, est interdite, sauf autorisation \u00e9crite pr\u00e9alable de Ingrid Batista Pereira, propri\u00e9taire du site \u00e0 l&#8217;email : <a href=\"mailto:musicanayan@gmail.com\"><span class=\"qu\" tabindex=\"-1\" role=\"gridcell\" translate=\"no\"><span class=\"go\">musicanayan@gmail.com<\/span><\/span><\/a>, \u00e0 d\u00e9faut elle sera consid\u00e9r\u00e9e comme constitutive d\u2019une contrefa\u00e7on et passible de poursuite conform\u00e9ment aux dispositions des articles L.335-2 et suivants du Code de Propri\u00e9t\u00e9 Intellectuelle.<\/p>\n<p style=\"text-align: justify;\"><strong>5. Liens hypertextes et cookies :<\/strong><\/p>\n<p>Le site <strong><a href=\"mailto:musicanayan@gmail.com\">www.nayansongs.com<\/a><\/strong>, contient un certain nombre de liens hypertextes vers d\u2019autres sites (partenaires, informations \u2026) mis en place avec l\u2019autorisation de Ingrid Batista Pereira. Cependant, Ingrid Batista Pereira n\u2019a pas la possibilit\u00e9 de v\u00e9rifier l&rsquo;ensemble du contenu des sites ainsi visit\u00e9s et d\u00e9cline donc toute responsabilit\u00e9 de ce fait quand aux risques \u00e9ventuels de contenus illicites.<br \/>\nL\u2019utilisateur est inform\u00e9 que lors de ses visites sur le site <strong><a href=\"mailto:musicanayan@gmail.com\">www.nayansongs.com<\/a><\/strong>, un ou des cookies sont susceptibles de s\u2019installer automatiquement sur son ordinateur par l&rsquo;interm\u00e9diaire de son logiciel de navigation. Un cookie est un bloc de donn\u00e9es qui ne permet pas d&rsquo;identifier l&rsquo;utilisateur, mais qui enregistre des informations relatives \u00e0 la navigation de celui-ci sur le site.<br \/>\nLe param\u00e9trage du logiciel de navigation permet d\u2019informer de la pr\u00e9sence de cookie et \u00e9ventuellement, de la refuser de la mani\u00e8re d\u00e9crite \u00e0 l\u2019adresse suivante : <a href=\"http:\/\/www.cnil.fr\">www.cnil.fr<\/a>. L\u2019utilisateur peut toutefois configurer le navigateur de son ordinateur pour refuser l\u2019installation des cookies, sachant que le refus d&rsquo;installation d&rsquo;un cookie peut entra\u00eener l\u2019impossibilit\u00e9 d\u2019acc\u00e9der \u00e0 certains services. Pour tout bloquage des cookies, tapez dans votre moteur de recherche : bloquage des cookies sous IE ou firefox et suivez les instructions en fonction de votre version.<\/p>\n<p style=\"text-align: justify;\"><strong>6. Protection des biens et des personnes &#8211; gestion des donn\u00e9es personnelles :<\/strong><\/p>\n<p>En France, les donn\u00e9es personnelles sont notamment prot\u00e9g\u00e9es par la loi n\u00b0 78-87 du 6 janvier 1978, la loi n\u00b0 2004-801 du 6 ao\u00fbt 2004, l&rsquo;article L. 226-13 du Code p\u00e9nal et la Directive Europ\u00e9enne du 24 octobre 1995.<\/p>\n<p style=\"text-align: justify;\">Sur le site <strong><a href=\"mailto:musicanayan@gmail.com\">www.nayansongs.com<\/a><\/strong>, Ingrid Batista Pereira ne collecte des informations personnelles ( suivant l&rsquo;article 4 loi n\u00b078-17 du 06 janvier 1978) relatives \u00e0 l&rsquo;utilisateur que pour le besoin de certains services propos\u00e9s par le site WWW.nayansongs.com. L&rsquo;utilisateur fournit ces informations en toute connaissance de cause, notamment lorsqu&rsquo;il proc\u00e8de par lui-m\u00eame \u00e0 leur saisie. Il est alors pr\u00e9cis\u00e9 \u00e0 l&rsquo;utilisateur du site WWW.nayansongs.com l\u2019obligation ou non de fournir ces informations.<br \/>\nConform\u00e9ment aux dispositions des articles 38 et suivants de la loi 78-17 du 6 janvier 1978 relative \u00e0 l\u2019informatique, aux fichiers et aux libert\u00e9s, tout utilisateur dispose d\u2019un droit d\u2019acc\u00e8s, de rectification, de suppression et d\u2019opposition aux donn\u00e9es personnelles le concernant. Pour l\u2019exercer, adressez votre demande \u00e0\u00a0<strong><a href=\"mailto:musicanayan@gmail.com\">www.nayansongs.com<\/a><\/strong>, par email : <a href=\"mailto:musicanayan@gmail.com\"><span class=\"qu\" tabindex=\"-1\" role=\"gridcell\" translate=\"no\"><span class=\"go\">musicanayan@gmail.com<\/span><\/span><\/a>\u00a0ou\u00a0par \u00e9crit\u00a0d\u00fbment sign\u00e9e, accompagn\u00e9e d\u2019une copie du titre d\u2019identit\u00e9 avec signature du titulaire de la pi\u00e8ce, en pr\u00e9cisant l\u2019adresse \u00e0 laquelle la r\u00e9ponse doit \u00eatre envoy\u00e9e.<\/p>\n<p style=\"text-align: justify;\">Aucune information personnelle de l&rsquo;utilisateur du site <strong><a href=\"mailto:musicanayan@gmail.com\">www.nayansongs.com<\/a><\/strong>, n&rsquo;est publi\u00e9e \u00e0 l&rsquo;insu de l&rsquo;utilisateur, \u00e9chang\u00e9e, transf\u00e9r\u00e9e, c\u00e9d\u00e9e ou vendue sur un support quelconque \u00e0 des tiers. Seule l&rsquo;hypoth\u00e8se du rachat du site <strong><a href=\"mailto:musicanayan@gmail.com\">www.nayansongs.com<\/a><\/strong>\u00a0et de ses droits autorise Ingrid Batista Pereira \u00e0 transmettre les dites informations \u00e0 l&rsquo;\u00e9ventuel acqu\u00e9reur qui serait \u00e0 son tour tenu \u00e0 la m\u00eame obligation de conservation et de modification des donn\u00e9es vis \u00e0 vis de l&rsquo;utilisateur du site <strong><a href=\"mailto:musicanayan@gmail.com\">www.nayansongs.com<\/a><\/strong>.<br \/>\nLe site <strong><a href=\"mailto:musicanayan@gmail.com\">www.nayansongs.com<\/a><\/strong> ne collecte pas de donner personnels il est en conformit\u00e9 avec le RGPD<\/p>\n<\/div><\/section>\n","protected":false},"excerpt":{"rendered":"","protected":false},"author":1,"featured_media":0,"parent":40,"menu_order":0,"comment_status":"closed","ping_status":"open","template":"","meta":{"footnotes":""},"class_list":["post-3","page","type-page","status-publish","hentry"],"yoast_head":"<!-- This site is optimized with the Yoast SEO plugin v20.11 - https:\/\/yoast.com\/wordpress\/plugins\/seo\/ -->\n<title>Mentions l\u00e9gales - nayansongs.com<\/title>\n<meta name=\"robots\" content=\"index, follow, max-snippet:-1, max-image-preview:large, max-video-preview:-1\" \/>\n<link rel=\"canonical\" href=\"https:\/\/nayansongs.com\/index.php\/nayan-chanteuse-et-compositrice-bresilienne-en-france\/mentions-legales\/\" \/>\n<meta property=\"og:locale\" content=\"fr_FR\" \/>\n<meta property=\"og:type\" content=\"article\" \/>\n<meta property=\"og:title\" content=\"Mentions l\u00e9gales - nayansongs.com\" \/>\n<meta property=\"og:url\" content=\"https:\/\/nayansongs.com\/index.php\/nayan-chanteuse-et-compositrice-bresilienne-en-france\/mentions-legales\/\" \/>\n<meta property=\"og:site_name\" content=\"nayansongs.com\" \/>\n<meta property=\"article:publisher\" content=\"https:\/\/www.facebook.com\/ingrid.pereira.7509\" \/>\n<meta property=\"article:modified_time\" content=\"2023-11-27T17:41:57+00:00\" \/>\n<meta name=\"twitter:card\" content=\"summary_large_image\" \/>\n<meta name=\"twitter:label1\" content=\"Dur\u00e9e de lecture estim\u00e9e\" \/>\n\t<meta name=\"twitter:data1\" content=\"6 minutes\" \/>\n<script type=\"application\/ld+json\" class=\"yoast-schema-graph\">{\"@context\":\"https:\/\/schema.org\",\"@graph\":[{\"@type\":\"WebPage\",\"@id\":\"https:\/\/nayansongs.com\/index.php\/nayan-chanteuse-et-compositrice-bresilienne-en-france\/mentions-legales\/\",\"url\":\"https:\/\/nayansongs.com\/index.php\/nayan-chanteuse-et-compositrice-bresilienne-en-france\/mentions-legales\/\",\"name\":\"Mentions l\u00e9gales - nayansongs.com\",\"isPartOf\":{\"@id\":\"https:\/\/nayansongs.com\/#website\"},\"datePublished\":\"2023-05-11T10:24:31+00:00\",\"dateModified\":\"2023-11-27T17:41:57+00:00\",\"breadcrumb\":{\"@id\":\"https:\/\/nayansongs.com\/index.php\/nayan-chanteuse-et-compositrice-bresilienne-en-france\/mentions-legales\/#breadcrumb\"},\"inLanguage\":\"fr-FR\",\"potentialAction\":[{\"@type\":\"ReadAction\",\"target\":[\"https:\/\/nayansongs.com\/index.php\/nayan-chanteuse-et-compositrice-bresilienne-en-france\/mentions-legales\/\"]}]},{\"@type\":\"BreadcrumbList\",\"@id\":\"https:\/\/nayansongs.com\/index.php\/nayan-chanteuse-et-compositrice-bresilienne-en-france\/mentions-legales\/#breadcrumb\",\"itemListElement\":[{\"@type\":\"ListItem\",\"position\":1,\"name\":\"Accueil\",\"item\":\"https:\/\/nayansongs.com\/\"},{\"@type\":\"ListItem\",\"position\":2,\"name\":\"Accueil\",\"item\":\"https:\/\/nayansongs.com\/\"},{\"@type\":\"ListItem\",\"position\":3,\"name\":\"Mentions l\u00e9gales\"}]},{\"@type\":\"WebSite\",\"@id\":\"https:\/\/nayansongs.com\/#website\",\"url\":\"https:\/\/nayansongs.com\/\",\"name\":\"nayansongs.com\",\"description\":\"Chanteuse et compositrice br\u00e9silienne en France\",\"publisher\":{\"@id\":\"https:\/\/nayansongs.com\/#\/schema\/person\/4bbc76bbd19c070acd82db8ba8e222c1\"},\"potentialAction\":[{\"@type\":\"SearchAction\",\"target\":{\"@type\":\"EntryPoint\",\"urlTemplate\":\"https:\/\/nayansongs.com\/?s={search_term_string}\"},\"query-input\":\"required name=search_term_string\"}],\"inLanguage\":\"fr-FR\"},{\"@type\":[\"Person\",\"Organization\"],\"@id\":\"https:\/\/nayansongs.com\/#\/schema\/person\/4bbc76bbd19c070acd82db8ba8e222c1\",\"name\":\"Ingrid Pereira\",\"image\":{\"@type\":\"ImageObject\",\"inLanguage\":\"fr-FR\",\"@id\":\"https:\/\/nayansongs.com\/#\/schema\/person\/image\/\",\"url\":\"https:\/\/nayansongs.com\/wp-content\/uploads\/2023\/11\/Nayan-chanteusebresilienne-musiquetraditionnellebresilienne-brazilianpercussion-musiquebresilienneenfrance495X400.png\",\"contentUrl\":\"https:\/\/nayansongs.com\/wp-content\/uploads\/2023\/11\/Nayan-chanteusebresilienne-musiquetraditionnellebresilienne-brazilianpercussion-musiquebresilienneenfrance495X400.png\",\"width\":495,\"height\":400,\"caption\":\"Ingrid Pereira\"},\"logo\":{\"@id\":\"https:\/\/nayansongs.com\/#\/schema\/person\/image\/\"},\"sameAs\":[\"https:\/\/nayansongs.com\/\",\"https:\/\/www.facebook.com\/ingrid.pereira.7509\",\"https:\/\/www.instagram.com\/ingrid.nayan\/\",\"https:\/\/www.youtube.com\/@nayan5006\",\"https:\/\/soundcloud.com\/nayanofficiel\"]}]}<\/script>\n<!-- \/ Yoast SEO plugin. -->","yoast_head_json":{"title":"Mentions l\u00e9gales - nayansongs.com","robots":{"index":"index","follow":"follow","max-snippet":"max-snippet:-1","max-image-preview":"max-image-preview:large","max-video-preview":"max-video-preview:-1"},"canonical":"https:\/\/nayansongs.com\/index.php\/nayan-chanteuse-et-compositrice-bresilienne-en-france\/mentions-legales\/","og_locale":"fr_FR","og_type":"article","og_title":"Mentions l\u00e9gales - nayansongs.com","og_url":"https:\/\/nayansongs.com\/index.php\/nayan-chanteuse-et-compositrice-bresilienne-en-france\/mentions-legales\/","og_site_name":"nayansongs.com","article_publisher":"https:\/\/www.facebook.com\/ingrid.pereira.7509","article_modified_time":"2023-11-27T17:41:57+00:00","twitter_card":"summary_large_image","twitter_misc":{"Dur\u00e9e de lecture estim\u00e9e":"6 minutes"},"schema":{"@context":"https:\/\/schema.org","@graph":[{"@type":"WebPage","@id":"https:\/\/nayansongs.com\/index.php\/nayan-chanteuse-et-compositrice-bresilienne-en-france\/mentions-legales\/","url":"https:\/\/nayansongs.com\/index.php\/nayan-chanteuse-et-compositrice-bresilienne-en-france\/mentions-legales\/","name":"Mentions l\u00e9gales - nayansongs.com","isPartOf":{"@id":"https:\/\/nayansongs.com\/#website"},"datePublished":"2023-05-11T10:24:31+00:00","dateModified":"2023-11-27T17:41:57+00:00","breadcrumb":{"@id":"https:\/\/nayansongs.com\/index.php\/nayan-chanteuse-et-compositrice-bresilienne-en-france\/mentions-legales\/#breadcrumb"},"inLanguage":"fr-FR","potentialAction":[{"@type":"ReadAction","target":["https:\/\/nayansongs.com\/index.php\/nayan-chanteuse-et-compositrice-bresilienne-en-france\/mentions-legales\/"]}]},{"@type":"BreadcrumbList","@id":"https:\/\/nayansongs.com\/index.php\/nayan-chanteuse-et-compositrice-bresilienne-en-france\/mentions-legales\/#breadcrumb","itemListElement":[{"@type":"ListItem","position":1,"name":"Accueil","item":"https:\/\/nayansongs.com\/"},{"@type":"ListItem","position":2,"name":"Accueil","item":"https:\/\/nayansongs.com\/"},{"@type":"ListItem","position":3,"name":"Mentions l\u00e9gales"}]},{"@type":"WebSite","@id":"https:\/\/nayansongs.com\/#website","url":"https:\/\/nayansongs.com\/","name":"nayansongs.com","description":"Chanteuse et compositrice br\u00e9silienne en France","publisher":{"@id":"https:\/\/nayansongs.com\/#\/schema\/person\/4bbc76bbd19c070acd82db8ba8e222c1"},"potentialAction":[{"@type":"SearchAction","target":{"@type":"EntryPoint","urlTemplate":"https:\/\/nayansongs.com\/?s={search_term_string}"},"query-input":"required name=search_term_string"}],"inLanguage":"fr-FR"},{"@type":["Person","Organization"],"@id":"https:\/\/nayansongs.com\/#\/schema\/person\/4bbc76bbd19c070acd82db8ba8e222c1","name":"Ingrid Pereira","image":{"@type":"ImageObject","inLanguage":"fr-FR","@id":"https:\/\/nayansongs.com\/#\/schema\/person\/image\/","url":"https:\/\/nayansongs.com\/wp-content\/uploads\/2023\/11\/Nayan-chanteusebresilienne-musiquetraditionnellebresilienne-brazilianpercussion-musiquebresilienneenfrance495X400.png","contentUrl":"https:\/\/nayansongs.com\/wp-content\/uploads\/2023\/11\/Nayan-chanteusebresilienne-musiquetraditionnellebresilienne-brazilianpercussion-musiquebresilienneenfrance495X400.png","width":495,"height":400,"caption":"Ingrid Pereira"},"logo":{"@id":"https:\/\/nayansongs.com\/#\/schema\/person\/image\/"},"sameAs":["https:\/\/nayansongs.com\/","https:\/\/www.facebook.com\/ingrid.pereira.7509","https:\/\/www.instagram.com\/ingrid.nayan\/","https:\/\/www.youtube.com\/@nayan5006","https:\/\/soundcloud.com\/nayanofficiel"]}]}},"_links":{"self":[{"href":"https:\/\/nayansongs.com\/index.php\/wp-json\/wp\/v2\/pages\/3","targetHints":{"allow":["GET"]}}],"collection":[{"href":"https:\/\/nayansongs.com\/index.php\/wp-json\/wp\/v2\/pages"}],"about":[{"href":"https:\/\/nayansongs.com\/index.php\/wp-json\/wp\/v2\/types\/page"}],"author":[{"embeddable":true,"href":"https:\/\/nayansongs.com\/index.php\/wp-json\/wp\/v2\/users\/1"}],"replies":[{"embeddable":true,"href":"https:\/\/nayansongs.com\/index.php\/wp-json\/wp\/v2\/comments?post=3"}],"version-history":[{"count":14,"href":"https:\/\/nayansongs.com\/index.php\/wp-json\/wp\/v2\/pages\/3\/revisions"}],"predecessor-version":[{"id":265,"href":"https:\/\/nayansongs.com\/index.php\/wp-json\/wp\/v2\/pages\/3\/revisions\/265"}],"up":[{"embeddable":true,"href":"https:\/\/nayansongs.com\/index.php\/wp-json\/wp\/v2\/pages\/40"}],"wp:attachment":[{"href":"https:\/\/nayansongs.com\/index.php\/wp-json\/wp\/v2\/media?parent=3"}],"curies":[{"name":"wp","href":"https:\/\/api.w.org\/{rel}","templated":true}]}}